{"id":6922,"date":"2023-11-19T10:39:22","date_gmt":"2023-11-19T10:39:22","guid":{"rendered":"http:\/\/demo.wpzoom.com\/inspiro-lite-blocks-xml\/?page_id=6922"},"modified":"2024-11-22T12:46:17","modified_gmt":"2024-11-22T12:46:17","slug":"homepage","status":"publish","type":"page","link":"https:\/\/stoc.com.br\/","title":{"rendered":"Tradu\u00e7\u00e3o simult\u00e2nea"},"content":{"rendered":"\n<div class=\"wp-block-cover alignfull is-light\" style=\"min-height:650px;aspect-ratio:unset;\"><span aria-hidden=\"true\" class=\"wp-block-cover__background has-background-dim-20 has-background-dim\" style=\"background-color:#FFF\"><\/span><video class=\"wp-block-cover__video-background intrinsic-ignore\" autoplay muted loop playsinline src=\"https:\/\/stoc.com.br\/wp-content\/uploads\/2024\/10\/Radio-Stoc-v2-1.mp4\" data-object-fit=\"cover\"><\/video><div class=\"wp-block-cover__inner-container is-layout-flow wp-block-cover-is-layout-flow\">\n<p class=\"has-text-align-center ticss-ebfcb801 has-foreground-color has-text-color\" style=\"font-size:clamp(41.23px, 2.577rem + ((1vw - 3.2px) * 3.83), 78px);\"><strong>Tradu\u00e7\u00e3o Simult\u00e2nea<\/strong><\/p>\n\n\n\n<p class=\"has-text-align-center ticss-ebfcb801 has-foreground-color has-text-color\" style=\"font-size:clamp(17.905px, 1.119rem + ((1vw - 3.2px) * 1.052), 28px);\"><strong>Empresa pioneira no mercado de loca\u00e7\u00e3o de equipamentos de tradu\u00e7\u00e3o simult\u00e2nea<\/strong><\/p>\n<\/div><\/div>\n\n\n\n<div id=\"quemsomos\" class=\"wp-block-group has-global-padding is-layout-constrained wp-container-core-group-is-layout-1 wp-block-group-is-layout-constrained\" style=\"padding-right:var(--wp--preset--spacing--small);padding-left:var(--wp--preset--spacing--small)\">\n<div style=\"height:85px\" aria-hidden=\"true\" class=\"wp-block-spacer\"><\/div>\n\n\n\n<h1 id=\"wp-block-themeisle-blocks-advanced-heading-45162359\" class=\"wp-block-themeisle-blocks-advanced-heading wp-block-themeisle-blocks-advanced-heading-45162359\"><strong>L\u00edder em equipamentos para Tradu\u00e7\u00e3o Simult\u00e2nea<\/strong><\/h1>\n\n\n\n<p class=\"has-text-align-center\">Possu\u00edmos um sistema integrado para interpreta\u00e7\u00e3o, que permite a tradu\u00e7\u00e3o simult\u00e2nea de at\u00e9 20 idiomas em um mesmo evento, 15 mil receptores individuais (FM e UHF), cabines para int\u00e9rpretes com isolamento ac\u00fastico e transmissores, al\u00e9m de equipamentos adequados para reuni\u00f5es, palestras e congressos. Comprometida com as crescentes necessidades de seus clientes e parceiros, a STOC oferece um atendimento personalizado contando com a mais completa e qualificada equipe t\u00e9cnica especializada nesta \u00e1rea e uma quantidade de equipamentos de transmiss\u00e3o suficientes para atender at\u00e9 30 eventos simultaneamente. Conhecemos bem a estrutura de Hot\u00e9is e Centro de Conven\u00e7\u00f5es do Estado de S\u00e3o Paulo, e atendemos em todo o territ\u00f3rio nacional.<\/p>\n\n\n\n<div style=\"height:26px\" aria-hidden=\"true\" class=\"wp-block-spacer\"><\/div>\n<\/div>\n\n\n\n<div class=\"wp-block-group alignfull pattern_multiple_covers has-foreground-background-color has-background has-global-padding is-layout-constrained wp-block-group-is-layout-constrained\" id=\"equipamentos\" style=\"padding-top:var(--wp--preset--spacing--x-small);padding-bottom:var(--wp--preset--spacing--x-small)\">\n<div style=\"height:60px\" aria-hidden=\"true\" class=\"wp-block-spacer\"><\/div>\n\n\n\n<h1 id=\"wp-block-themeisle-blocks-advanced-heading-d2cbb8ef\" class=\"wp-block-themeisle-blocks-advanced-heading wp-block-themeisle-blocks-advanced-heading-d2cbb8ef\"><strong>Nossos equipamentos<\/strong><\/h1>\n\n\n\n<p class=\"has-text-align-left has-white-color has-text-color has-link-color wp-elements-848cedc57882ea535a73e8d04dac9d18\">Nossos equipamentos s\u00e3o constantemente revisados e testados antes de cada evento, garantindo assim excelentes resultados para nossa opera\u00e7\u00e3o.<\/p>\n\n\n\n<div class=\"wp-block-columns is-layout-flex wp-container-core-columns-is-layout-1 wp-block-columns-is-layout-flex\">\n<div class=\"wp-block-column is-layout-flow wp-block-column-is-layout-flow\">\n<div id=\"wp-block-themeisle-blocks-flip-08ff7f94\" class=\"wp-block-themeisle-blocks-flip anim flipY\"><div class=\"o-flip-inner\"><div class=\"o-flip-front\"><div class=\"o-flip-content\"><img decoding=\"async\" class=\"o-img\" src=\"https:\/\/stoc.com.br\/wp-content\/uploads\/2024\/09\/sonorizacao2.jpg\" srcset=\"https:\/\/stoc.com.br\/wp-content\/uploads\/2024\/09\/sonorizacao2.jpg\" alt=\"\"\/><h3><strong>SONORIZA\u00c7\u00c3O<\/strong><\/h3><p><\/p><\/div><\/div><div class=\"o-flip-back\">\n<h3 class=\"wp-block-heading\"><\/h3>\n\n\n\n<p class=\"has-text-align-center has-white-color has-text-color has-link-color wp-elements-5eeb63e4cbafb0cbf3f07a4446154a2a\" style=\"font-size:14px\">O som ambiente \u00e9 um recurso indispens\u00e1vel para o sucesso do seu evento. A STOC conta com equipamentos adequados para reuni\u00f5es, palestras e congressos composto por microfones sem fio, microfone de lapela, caixas ac\u00fasticas, mesa de som e se for necess\u00e1rio a grava\u00e7\u00e3o de \u00e1udio.<\/p>\n<\/div><\/div><\/div>\n<\/div>\n\n\n\n<div class=\"wp-block-column is-layout-flow wp-block-column-is-layout-flow\">\n<div id=\"wp-block-themeisle-blocks-flip-e05fb7e3\" class=\"wp-block-themeisle-blocks-flip anim flipY\"><div class=\"o-flip-inner\"><div class=\"o-flip-front\"><div class=\"o-flip-content\"><img decoding=\"async\" class=\"o-img\" src=\"https:\/\/stoc.com.br\/wp-content\/uploads\/2024\/11\/receptor-1.jpg\" srcset=\"https:\/\/stoc.com.br\/wp-content\/uploads\/2024\/11\/receptor-1.jpg\" alt=\"\"\/><h3><strong><strong>RECEPTORES (FM \/ UHF)<\/strong><\/strong><\/h3><p><\/p><\/div><\/div><div class=\"o-flip-back\">\n<h3 class=\"wp-block-heading\"><\/h3>\n\n\n\n<p class=\"has-text-align-center has-white-color has-text-color has-link-color wp-elements-6eaa2d945f9789008db9bbae1a15c51e\" style=\"font-size:clamp(14px, 0.875rem + ((1vw - 3.2px) * 0.208), 16px);\">Receptores digitais sem fio com multicanais. Pequeno e pr\u00e1tico com excelente qualidade de som.<\/p>\n<\/div><\/div><\/div>\n<\/div>\n\n\n\n<div class=\"wp-block-column is-layout-flow wp-block-column-is-layout-flow\">\n<div id=\"wp-block-themeisle-blocks-flip-ab8852db\" class=\"wp-block-themeisle-blocks-flip anim flipY\"><div class=\"o-flip-inner\"><div class=\"o-flip-front\"><div class=\"o-flip-content\"><img decoding=\"async\" class=\"o-img\" src=\"https:\/\/stoc.com.br\/wp-content\/uploads\/2024\/09\/sonorizacao.jpg\" srcset=\"https:\/\/stoc.com.br\/wp-content\/uploads\/2024\/09\/sonorizacao.jpg\" alt=\"\"\/><h3><strong><strong>EQUIPAMENTOS PORT\u00c1TEIS<\/strong><\/strong><div><span style=\"box-sizing: inherit;\"><\/span><\/div><\/h3><p><\/p><\/div><\/div><div class=\"o-flip-back\">\n<h3 class=\"wp-block-heading\"><\/h3>\n\n\n\n<p class=\"has-text-align-center has-white-color has-text-color has-link-color wp-elements-6c76d4871fe0b37b748c909b3d4a0bd5\" style=\"font-size:clamp(14px, 0.875rem + ((1vw - 3.2px) * 0.208), 16px);\">Sistema Tour Guide para locu\u00e7\u00e3o ou tradu\u00e7\u00e3o sem fio, utilizados em visitas \u00e0 fabricas, museus, tours e pequenas reuni\u00f5es.<\/p>\n<\/div><\/div><\/div>\n<\/div>\n<\/div>\n\n\n\n<div class=\"wp-block-columns is-layout-flex wp-container-core-columns-is-layout-2 wp-block-columns-is-layout-flex\">\n<div class=\"wp-block-column is-layout-flow wp-block-column-is-layout-flow\">\n<div id=\"wp-block-themeisle-blocks-flip-7d1f60e5\" class=\"wp-block-themeisle-blocks-flip anim flipY\"><div class=\"o-flip-inner\"><div class=\"o-flip-front\"><div class=\"o-flip-content\"><img decoding=\"async\" class=\"o-img\" src=\"https:\/\/stoc.com.br\/wp-content\/uploads\/2024\/11\/cabines.jpg\" srcset=\"https:\/\/stoc.com.br\/wp-content\/uploads\/2024\/11\/cabines.jpg\" alt=\"\"\/><h3><strong>CABINES PORT\u00c1TEIS<\/strong><div><span style=\"box-sizing: inherit;\"><\/span><\/div><\/h3><p><\/p><\/div><\/div><div class=\"o-flip-back\">\n<h3 class=\"wp-block-heading\"><\/h3>\n\n\n\n<p class=\"has-text-align-center has-white-color has-text-color has-link-color wp-elements-51b997b5afdb1482cdf70d38d75f77f1\" style=\"font-size:clamp(14px, 0.875rem + ((1vw - 3.2px) * 0.208), 16px);\">Cabines com carpete preto e isolamento ac\u00fastico para dois int\u00e9rpretes de acordo com padr\u00f5es internacionais.<\/p>\n<\/div><\/div><\/div>\n<\/div>\n\n\n\n<div class=\"wp-block-column is-layout-flow wp-block-column-is-layout-flow\">\n<div id=\"wp-block-themeisle-blocks-flip-87283b03\" class=\"wp-block-themeisle-blocks-flip anim flipY\"><div class=\"o-flip-inner\"><div class=\"o-flip-front\"><div class=\"o-flip-content\"><img decoding=\"async\" class=\"o-img\" src=\"https:\/\/stoc.com.br\/wp-content\/uploads\/2024\/09\/projeto-audio-video-04.jpg\" srcset=\"https:\/\/stoc.com.br\/wp-content\/uploads\/2024\/09\/projeto-audio-video-04.jpg\" alt=\"\"\/><h3><strong><strong>TRANSMITTERS AND PI<\/strong><\/strong><div><span style=\"box-sizing: inherit;\"><\/span><\/div><\/h3><p><\/p><\/div><\/div><div class=\"o-flip-back\">\n<h3 class=\"wp-block-heading\"><\/h3>\n\n\n\n<p class=\"has-text-align-center has-white-color has-text-color has-link-color wp-elements-a98a6ff3cc922b7efbafd1d37da74c69\" style=\"font-size:clamp(14px, 0.875rem + ((1vw - 3.2px) * 0.208), 16px);\">Nossos transmissores e PI foram desenvolvidos pela STOC BRASIL para oferecer praticidade e qualidade.<\/p>\n<\/div><\/div><\/div>\n<\/div>\n\n\n\n<div class=\"wp-block-column is-layout-flow wp-block-column-is-layout-flow\">\n<div id=\"wp-block-themeisle-blocks-flip-912f2536\" class=\"wp-block-themeisle-blocks-flip anim flipY\"><div class=\"o-flip-inner\"><div class=\"o-flip-front\"><div class=\"o-flip-content\"><img decoding=\"async\" class=\"o-img\" src=\"https:\/\/stoc.com.br\/wp-content\/uploads\/2014\/06\/wang-xi-490257-unsplash-1.jpg\" srcset=\"https:\/\/stoc.com.br\/wp-content\/uploads\/2014\/06\/wang-xi-490257-unsplash-1.jpg\" alt=\"\"\/><h3><strong><strong>\u00c1UDIO VISUAL<\/strong><\/strong><div><span style=\"box-sizing: inherit;\"><\/span><span style=\"box-sizing: inherit;\"><\/span><\/div><\/h3><p><\/p><\/div><\/div><div class=\"o-flip-back\">\n<h3 class=\"wp-block-heading\"><\/h3>\n\n\n\n<p class=\"has-text-align-center has-white-color has-text-color has-link-color wp-elements-d2ca283936b13fb19d83e6797801b228\" style=\"font-size:clamp(14px, 0.875rem + ((1vw - 3.2px) * 0.208), 16px);\">Para Complementar o seu evento, a STOC oferece tamb\u00e9m equipamentos de \u00e1udio e v\u00eddeo \u2013 projetores multim\u00eddia, computadores e notebook, DVD, monitores de plasma e telas de proje\u00e7\u00f5es.<\/p>\n<\/div><\/div><\/div>\n<\/div>\n<\/div>\n<\/div>\n\n\n\n<div class=\"wp-block-group alignfull has-global-padding is-layout-constrained wp-block-group-is-layout-constrained\" id=\"missao\">\n<div class=\"wp-block-group is-layout-flow wp-block-group-is-layout-flow\" style=\"padding-top:var(--wp--preset--spacing--small);padding-bottom:var(--wp--preset--spacing--small)\">\n<div class=\"wp-block-columns is-layout-flex wp-container-core-columns-is-layout-3 wp-block-columns-is-layout-flex\">\n<div class=\"wp-block-column is-vertically-aligned-center is-layout-flow wp-block-column-is-layout-flow\">\n<p class=\"has-text-align-center\"><strong>NOSSA MISS\u00c3O: <\/strong>Prezamos sempre a qualidade, seriedade e a responsabilidade pelos nossos servi\u00e7os, pois trabalhando dessa forma acreditamos sempre continuar suprindo e superando as expectativas de nossos clientes.<\/p>\n\n\n\n<p class=\"has-text-align-center animated backInDown delay-200ms\"><strong>NOSSOS VALORES: <\/strong>\u00c9tica e qualidade nos servi\u00e7os prestados e respeito para com os clientes e colaboradores.<\/p>\n\n\n\n<p class=\"has-text-align-center animated backInDown delay-500ms\"><strong>CLIENTES: <\/strong>Experi\u00eancia e comprometimento garantem excelentes resultados.<\/p>\n<\/div>\n<\/div>\n<\/div>\n<\/div>\n\n\n\n<div class=\"wp-block-cover alignfull is-position-center-center has-aspect-ratio\" style=\"border-radius:0px;margin-top:0;margin-bottom:0;padding-top:0;padding-bottom:0;aspect-ratio:auto;min-height:unset;\" id=\"contato\"><span aria-hidden=\"true\" class=\"wp-block-cover__background has-black-background-color has-background-dim-70 has-background-dim\"><\/span><img loading=\"lazy\" decoding=\"async\" width=\"960\" height=\"640\" class=\"wp-block-cover__image-background wp-image-7112\" alt=\"\" src=\"https:\/\/stoc.com.br\/wp-content\/uploads\/2024\/09\/sonorizacao2-1.jpg\" style=\"object-position:100% 0%\" data-object-fit=\"cover\" data-object-position=\"100% 0%\" srcset=\"https:\/\/stoc.com.br\/wp-content\/uploads\/2024\/09\/sonorizacao2-1.jpg 960w, https:\/\/stoc.com.br\/wp-content\/uploads\/2024\/09\/sonorizacao2-1-300x200.jpg 300w\" sizes=\"auto, (max-width: 960px) 100vw, 960px\" \/><div class=\"wp-block-cover__inner-container is-layout-flow wp-container-core-cover-is-layout-2 wp-block-cover-is-layout-flow\">\n<div class=\"wp-block-group has-global-padding is-layout-constrained wp-block-group-is-layout-constrained\">\n<div style=\"height:85px\" aria-hidden=\"true\" class=\"wp-block-spacer\"><\/div>\n\n\n\n<h1 id=\"wp-block-themeisle-blocks-advanced-heading-98a0986b\" class=\"wp-block-themeisle-blocks-advanced-heading wp-block-themeisle-blocks-advanced-heading-98a0986b\">Contato<\/h1>\n\n\n<style id=\"wpforms-css-vars-7032-block-f06f48b7-c8bb-43f8-92c6-6329cbe16566\">\n\t\t\t\t#wpforms-7032.wpforms-block-f06f48b7-c8bb-43f8-92c6-6329cbe16566 {\n\t\t\t\t--wpforms-label-color: #ffffff;\n--wpforms-label-sublabel-color: #D9D9D9;\n--wpforms-field-text-color: #101010;\n--wpforms-button-text-color: #101010;\n--wpforms-field-size-input-height: 43px;\n--wpforms-field-size-input-spacing: 15px;\n--wpforms-field-size-font-size: 16px;\n--wpforms-field-size-line-height: 19px;\n--wpforms-field-size-padding-h: 14px;\n--wpforms-field-size-checkbox-size: 16px;\n--wpforms-field-size-sublabel-spacing: 5px;\n--wpforms-field-size-icon-size: 1;\n--wpforms-label-size-font-size: 16px;\n--wpforms-label-size-line-height: 19px;\n--wpforms-label-size-sublabel-font-size: 14px;\n--wpforms-label-size-sublabel-line-height: 17px;\n--wpforms-button-size-font-size: 17px;\n--wpforms-button-size-height: 41px;\n--wpforms-button-size-padding-h: 15px;\n--wpforms-button-size-margin-top: 10px;\n\t\t\t}\n\t\t\t<\/style><div class=\"wpforms-container wpforms-container-full wpforms-block wpforms-block-f06f48b7-c8bb-43f8-92c6-6329cbe16566 wpforms-render-modern\" id=\"wpforms-7032\"><form id=\"wpforms-form-7032\" class=\"wpforms-validate wpforms-form wpforms-ajax-form\" data-formid=\"7032\" method=\"post\" enctype=\"multipart\/form-data\" action=\"\/index.php\/wp-json\/wp\/v2\/pages\/6922\" data-token=\"6ab8fca436686999f2329874a8cea657\" data-token-time=\"1778239904\"><noscript class=\"wpforms-error-noscript\">Ative o JavaScript no seu navegador para preencher este formul\u00e1rio.<\/noscript><div id=\"wpforms-error-noscript\" style=\"display: none;\">Ative o JavaScript no seu navegador para preencher este formul\u00e1rio.<\/div><div class=\"wpforms-field-container\">\t\t<div id=\"wpforms-7032-field_4-container\"\n\t\t\tclass=\"wpforms-field wpforms-field-text\"\n\t\t\tdata-field-type=\"text\"\n\t\t\tdata-field-id=\"4\"\n\t\t\t>\n\t\t\t<label class=\"wpforms-field-label\" for=\"wpforms-7032-field_4\" >E-mail ou Nome<\/label>\n\t\t\t<input type=\"text\" id=\"wpforms-7032-field_4\" class=\"wpforms-field-medium\" name=\"wpforms[fields][4]\" >\n\t\t<\/div>\n\t\t<div id=\"wpforms-7032-field_1-container\" class=\"wpforms-field wpforms-field-name\" data-field-id=\"1\"><fieldset><legend class=\"wpforms-field-label\">Nome <span class=\"wpforms-required-label\" aria-hidden=\"true\">*<\/span><\/legend><div class=\"wpforms-field-row wpforms-field-medium\"><div class=\"wpforms-field-row-block wpforms-first wpforms-one-half\"><input type=\"text\" id=\"wpforms-7032-field_1\" class=\"wpforms-field-name-first wpforms-field-required\" name=\"wpforms[fields][1][first]\" aria-errormessage=\"wpforms-7032-field_1-error\" required><label for=\"wpforms-7032-field_1\" class=\"wpforms-field-sublabel after\">Nome<\/label><\/div><div class=\"wpforms-field-row-block wpforms-one-half\"><input type=\"text\" id=\"wpforms-7032-field_1-last\" class=\"wpforms-field-name-last wpforms-field-required\" name=\"wpforms[fields][1][last]\" aria-errormessage=\"wpforms-7032-field_1-last-error\" required><label for=\"wpforms-7032-field_1-last\" class=\"wpforms-field-sublabel after\">Sobrenome<\/label><\/div><\/div><\/fieldset><\/div><div id=\"wpforms-7032-field_2-container\" class=\"wpforms-field wpforms-field-email\" data-field-id=\"2\"><label class=\"wpforms-field-label\" for=\"wpforms-7032-field_2\">E-mail <span class=\"wpforms-required-label\" aria-hidden=\"true\">*<\/span><\/label><input type=\"email\" id=\"wpforms-7032-field_2\" class=\"wpforms-field-medium wpforms-field-required\" name=\"wpforms[fields][2]\" spellcheck=\"false\" aria-errormessage=\"wpforms-7032-field_2-error\" required><\/div><div id=\"wpforms-7032-field_3-container\" class=\"wpforms-field wpforms-field-textarea\" data-field-id=\"3\"><label class=\"wpforms-field-label\" for=\"wpforms-7032-field_3\">Coment\u00e1rio ou Mensagem<\/label><textarea id=\"wpforms-7032-field_3\" class=\"wpforms-field-medium\" name=\"wpforms[fields][3]\" aria-errormessage=\"wpforms-7032-field_3-error\" ><\/textarea><\/div><script>\n\t\t\t\t( function() {\n\t\t\t\t\tconst style = document.createElement( 'style' );\n\t\t\t\t\tstyle.appendChild( document.createTextNode( '#wpforms-7032-field_4-container { position: absolute !important; overflow: hidden !important; display: inline !important; height: 1px !important; width: 1px !important; z-index: -1000 !important; padding: 0 !important; } #wpforms-7032-field_4-container input { visibility: hidden; } #wpforms-conversational-form-page #wpforms-7032-field_4-container label { counter-increment: none; }' ) );\n\t\t\t\t\tdocument.head.appendChild( style );\n\t\t\t\t\tdocument.currentScript?.remove();\n\t\t\t\t} )();\n\t\t\t<\/script><\/div><!-- .wpforms-field-container --><div class=\"wpforms-recaptcha-container wpforms-is-recaptcha wpforms-is-recaptcha-type-v3\" ><input type=\"hidden\" name=\"wpforms[recaptcha]\" value=\"\"><\/div><div class=\"wpforms-submit-container\" ><input type=\"hidden\" name=\"wpforms[id]\" value=\"7032\"><input type=\"hidden\" name=\"page_title\" value=\"\"><input type=\"hidden\" name=\"page_url\" value=\"https:\/\/stoc.com.br\/index.php\/wp-json\/wp\/v2\/pages\/6922\"><input type=\"hidden\" name=\"url_referer\" value=\"\"><button type=\"submit\" name=\"wpforms[submit]\" id=\"wpforms-submit-7032\" class=\"wpforms-submit\" data-alt-text=\"Enviando\u2026\" data-submit-text=\"Enviar\" aria-live=\"assertive\" value=\"wpforms-submit\">Enviar<\/button><img loading=\"lazy\" decoding=\"async\" src=\"https:\/\/stoc.com.br\/wp-content\/plugins\/wpforms-lite\/assets\/images\/submit-spin.svg\" class=\"wpforms-submit-spinner\" style=\"display: none;\" width=\"26\" height=\"26\" alt=\"Carregando\"><\/div><\/form><\/div>  <!-- .wpforms-container --><\/div>\n<\/div><\/div>\n","protected":false},"excerpt":{"rendered":"<p>Possu\u00edmos um sistema integrado para interpreta\u00e7\u00e3o, que permite a tradu\u00e7\u00e3o simult\u00e2nea de at\u00e9 20 idiomas em um mesmo evento, 15 mil receptores individuais (FM e UHF), cabines para int\u00e9rpretes com isolamento ac\u00fastico e transmissores, al\u00e9m de equipamentos adequados para reuni\u00f5es, palestras e congressos. Comprometida com as crescentes necessidades de seus clientes e parceiros, a STOC &hellip; <\/p>\n<p class=\"link-more\"><a href=\"https:\/\/stoc.com.br\/\" class=\"more-link\">Leia mais<span class=\"screen-reader-text\"> &#8220;Tradu\u00e7\u00e3o simult\u00e2nea&#8221;<\/span><\/a><\/p>\n","protected":false},"author":1,"featured_media":0,"parent":0,"menu_order":0,"comment_status":"closed","ping_status":"closed","template":"page-templates\/homepage-builder-bb.php","meta":{"_themeisle_gutenberg_block_has_review":false,"footnotes":""},"class_list":["post-6922","page","type-page","status-publish","hentry"],"aioseo_notices":[],"_links":{"self":[{"href":"https:\/\/stoc.com.br\/index.php\/wp-json\/wp\/v2\/pages\/6922","targetHints":{"allow":["GET"]}}],"collection":[{"href":"https:\/\/stoc.com.br\/index.php\/wp-json\/wp\/v2\/pages"}],"about":[{"href":"https:\/\/stoc.com.br\/index.php\/wp-json\/wp\/v2\/types\/page"}],"author":[{"embeddable":true,"href":"https:\/\/stoc.com.br\/index.php\/wp-json\/wp\/v2\/users\/1"}],"replies":[{"embeddable":true,"href":"https:\/\/stoc.com.br\/index.php\/wp-json\/wp\/v2\/comments?post=6922"}],"version-history":[{"count":135,"href":"https:\/\/stoc.com.br\/index.php\/wp-json\/wp\/v2\/pages\/6922\/revisions"}],"predecessor-version":[{"id":7305,"href":"https:\/\/stoc.com.br\/index.php\/wp-json\/wp\/v2\/pages\/6922\/revisions\/7305"}],"wp:attachment":[{"href":"https:\/\/stoc.com.br\/index.php\/wp-json\/wp\/v2\/media?parent=6922"}],"curies":[{"name":"wp","href":"https:\/\/api.w.org\/{rel}","templated":true}]}}